{"id":7619,"date":"2022-01-19T17:10:39","date_gmt":"2022-01-19T15:10:39","guid":{"rendered":"https:\/\/www.vwafrica.fr\/?page_id=7619"},"modified":"2022-02-10T07:43:28","modified_gmt":"2022-02-10T05:43:28","slug":"mentions-legales","status":"publish","type":"page","link":"https:\/\/www.vwafrica.fr\/?page_id=7619","title":{"rendered":"Mentions l\u00e9gales"},"content":{"rendered":"\r\n<h2>Confidentialit\u00e9<\/h2>\r\n\r\n\r\n\r\n<p>VWAfrica n&rsquo;enregistre pas d&rsquo;informations personnelles permettant l&rsquo;identification, \u00e0 l&rsquo;exception des formulaires que l&rsquo;utilisateur est libre de remplir. Ces informations ne seront pas utilis\u00e9es sans votre accord, nous les utiliserons seulement pour vous adresser des courriers, des brochures, des devis ou vous contacter.<br><br>Les informations recueillies sur les sites b\u00e9n\u00e9ficient de la protection de la loi \u00ab\u00a0Informatique et Libert\u00e9s\u00a0\u00bb n\u00b0 78-17 du 06 janvier 1978. Elles b\u00e9n\u00e9ficient d&rsquo;un droit d&rsquo;acc\u00e8s, de rectification, d&rsquo;opposition \u00e0 communication et de suppression sur simple demande \u00e0 VWAfrica, \u00ab\u00a0En Peyre\u00a0\u00bb, 31450 Nogaret.<br>VWAfrica pourra proc\u00e9der \u00e0 des analyses statistiques sans que celles-ci soient nominatives et pourra en informer des tiers (organismes d&rsquo;\u00e9valuation de fr\u00e9quentation) sous une forme r\u00e9sum\u00e9e et non nominative.<\/p>\r\n\r\n\r\n\r\n<h2>R\u00e8glement g\u00e9n\u00e9ral sur la protection des donn\u00e9es (RGPD)<\/h2>\r\n\r\n\r\n\r\n<p>VWAfrica s&rsquo;engage \u00e0 ce que la collecte et le traitement de vos donn\u00e9es, effectu\u00e9s \u00e0 partir du site&nbsp;vwafrica.fr, soient conformes au r\u00e8glement g\u00e9n\u00e9ral sur la protection des donn\u00e9es (RGPD). Chaque formulaire ou t\u00e9l\u00e9service limite la collecte des donn\u00e9es personnelles au strict n\u00e9cessaire (minimisation des donn\u00e9es) et indique notamment :<\/p>\r\n\r\n\r\n\r\n<ul><li>quels sont les objectifs du recueil de ces donn\u00e9es,<\/li><li>si ces donn\u00e9es sont obligatoires ou facultatives pour la gestion de votre demande,<\/li><li>qui pourra en prendre connaissance (uniquement VWAfrica en principe, sauf pr\u00e9cision dans le formulaire lorsqu&rsquo;une transmission \u00e0 un tiers est n\u00e9cessaire \u00e0 la gestion de votre demande),<\/li><\/ul>\r\n\r\n\r\n\r\n<p>Les donn\u00e9es personnelles recueillies dans le cadre des services propos\u00e9s sur&nbsp;sur le site VWAfrica sont trait\u00e9es selon des protocoles s\u00e9curis\u00e9s et permettent \u00e0 VWAfrica de g\u00e9rer les demandes re\u00e7ues dans ses applications informatiques.<\/p>\r\n\r\n\r\n\r\n<p>Pour toute information ou exercice de vos droits Informatique et Libert\u00e9s sur les traitements de donn\u00e9es personnelles g\u00e9r\u00e9s par VWAfrica, vous pouvez nous contacter, ou vous tourner vers la&nbsp;CNIL.<\/p>\r\n","protected":false},"excerpt":{"rendered":"<p>Confidentialit\u00e9 VWAfrica n&rsquo;enregistre pas d&rsquo;informations personnelles permettant l&rsquo;identification, \u00e0 l&rsquo;exception des formulaires que l&rsquo;utilisateur est libre de remplir. Ces informations<\/p>\n","protected":false},"author":1,"featured_media":0,"parent":0,"menu_order":0,"comment_status":"closed","ping_status":"closed","template":"","meta":[],"yoast_head":"<!-- This site is optimized with the Yoast SEO plugin v21.1 - https:\/\/yoast.com\/wordpress\/plugins\/seo\/ -->\n<title>Mentions l\u00e9gales - VWAfrica<\/title>\n<meta name=\"robots\" content=\"noindex, follow\" \/>\n<meta property=\"og:locale\" content=\"fr_FR\" \/>\n<meta property=\"og:type\" content=\"article\" \/>\n<meta property=\"og:title\" content=\"Mentions l\u00e9gales - VWAfrica\" \/>\n<meta property=\"og:description\" content=\"Confidentialit\u00e9 VWAfrica n&rsquo;enregistre pas d&rsquo;informations personnelles permettant l&rsquo;identification, \u00e0 l&rsquo;exception des formulaires que l&rsquo;utilisateur est libre de remplir. Ces informations\" \/>\n<meta property=\"og:url\" content=\"https:\/\/www.vwafrica.fr\/?page_id=7619\" \/>\n<meta property=\"og:site_name\" content=\"VWAfrica\" \/>\n<meta property=\"article:modified_time\" content=\"2022-02-10T05:43:28+00:00\" \/>\n<meta name=\"twitter:card\" content=\"summary_large_image\" \/>\n<meta name=\"twitter:label1\" content=\"Dur\u00e9e de lecture estim\u00e9e\" \/>\n\t<meta name=\"twitter:data1\" content=\"2 minutes\" \/>\n<script type=\"application\/ld+json\" class=\"yoast-schema-graph\">{\"@context\":\"https:\/\/schema.org\",\"@graph\":[{\"@type\":\"WebPage\",\"@id\":\"https:\/\/www.vwafrica.fr\/?page_id=7619\",\"url\":\"https:\/\/www.vwafrica.fr\/?page_id=7619\",\"name\":\"Mentions l\u00e9gales - VWAfrica\",\"isPartOf\":{\"@id\":\"https:\/\/www.vwafrica.fr\/#website\"},\"datePublished\":\"2022-01-19T15:10:39+00:00\",\"dateModified\":\"2022-02-10T05:43:28+00:00\",\"breadcrumb\":{\"@id\":\"https:\/\/www.vwafrica.fr\/?page_id=7619#breadcrumb\"},\"inLanguage\":\"fr-FR\",\"potentialAction\":[{\"@type\":\"ReadAction\",\"target\":[\"https:\/\/www.vwafrica.fr\/?page_id=7619\"]}]},{\"@type\":\"BreadcrumbList\",\"@id\":\"https:\/\/www.vwafrica.fr\/?page_id=7619#breadcrumb\",\"itemListElement\":[{\"@type\":\"ListItem\",\"position\":1,\"name\":\"Accueil\",\"item\":\"https:\/\/www.vwafrica.fr\/\"},{\"@type\":\"ListItem\",\"position\":2,\"name\":\"Mentions l\u00e9gales\"}]},{\"@type\":\"WebSite\",\"@id\":\"https:\/\/www.vwafrica.fr\/#website\",\"url\":\"https:\/\/www.vwafrica.fr\/\",\"name\":\"VWAfrica\",\"description\":\"Le site de l&#039;Aventure Aircooled Buggy Baja 181 VW !\",\"publisher\":{\"@id\":\"https:\/\/www.vwafrica.fr\/#organization\"},\"potentialAction\":[{\"@type\":\"SearchAction\",\"target\":{\"@type\":\"EntryPoint\",\"urlTemplate\":\"https:\/\/www.vwafrica.fr\/?s={search_term_string}\"},\"query-input\":\"required name=search_term_string\"}],\"inLanguage\":\"fr-FR\"},{\"@type\":\"Organization\",\"@id\":\"https:\/\/www.vwafrica.fr\/#organization\",\"name\":\"VWAfrica\",\"url\":\"https:\/\/www.vwafrica.fr\/\",\"logo\":{\"@type\":\"ImageObject\",\"inLanguage\":\"fr-FR\",\"@id\":\"https:\/\/www.vwafrica.fr\/#\/schema\/logo\/image\/\",\"url\":\"\",\"contentUrl\":\"\",\"caption\":\"VWAfrica\"},\"image\":{\"@id\":\"https:\/\/www.vwafrica.fr\/#\/schema\/logo\/image\/\"}}]}<\/script>\n<!-- \/ Yoast SEO plugin. -->","yoast_head_json":{"title":"Mentions l\u00e9gales - VWAfrica","robots":{"index":"noindex","follow":"follow"},"og_locale":"fr_FR","og_type":"article","og_title":"Mentions l\u00e9gales - VWAfrica","og_description":"Confidentialit\u00e9 VWAfrica n&rsquo;enregistre pas d&rsquo;informations personnelles permettant l&rsquo;identification, \u00e0 l&rsquo;exception des formulaires que l&rsquo;utilisateur est libre de remplir. Ces informations","og_url":"https:\/\/www.vwafrica.fr\/?page_id=7619","og_site_name":"VWAfrica","article_modified_time":"2022-02-10T05:43:28+00:00","twitter_card":"summary_large_image","twitter_misc":{"Dur\u00e9e de lecture estim\u00e9e":"2 minutes"},"schema":{"@context":"https:\/\/schema.org","@graph":[{"@type":"WebPage","@id":"https:\/\/www.vwafrica.fr\/?page_id=7619","url":"https:\/\/www.vwafrica.fr\/?page_id=7619","name":"Mentions l\u00e9gales - VWAfrica","isPartOf":{"@id":"https:\/\/www.vwafrica.fr\/#website"},"datePublished":"2022-01-19T15:10:39+00:00","dateModified":"2022-02-10T05:43:28+00:00","breadcrumb":{"@id":"https:\/\/www.vwafrica.fr\/?page_id=7619#breadcrumb"},"inLanguage":"fr-FR","potentialAction":[{"@type":"ReadAction","target":["https:\/\/www.vwafrica.fr\/?page_id=7619"]}]},{"@type":"BreadcrumbList","@id":"https:\/\/www.vwafrica.fr\/?page_id=7619#breadcrumb","itemListElement":[{"@type":"ListItem","position":1,"name":"Accueil","item":"https:\/\/www.vwafrica.fr\/"},{"@type":"ListItem","position":2,"name":"Mentions l\u00e9gales"}]},{"@type":"WebSite","@id":"https:\/\/www.vwafrica.fr\/#website","url":"https:\/\/www.vwafrica.fr\/","name":"VWAfrica","description":"Le site de l&#039;Aventure Aircooled Buggy Baja 181 VW !","publisher":{"@id":"https:\/\/www.vwafrica.fr\/#organization"},"potentialAction":[{"@type":"SearchAction","target":{"@type":"EntryPoint","urlTemplate":"https:\/\/www.vwafrica.fr\/?s={search_term_string}"},"query-input":"required name=search_term_string"}],"inLanguage":"fr-FR"},{"@type":"Organization","@id":"https:\/\/www.vwafrica.fr\/#organization","name":"VWAfrica","url":"https:\/\/www.vwafrica.fr\/","logo":{"@type":"ImageObject","inLanguage":"fr-FR","@id":"https:\/\/www.vwafrica.fr\/#\/schema\/logo\/image\/","url":"","contentUrl":"","caption":"VWAfrica"},"image":{"@id":"https:\/\/www.vwafrica.fr\/#\/schema\/logo\/image\/"}}]}},"_links":{"self":[{"href":"https:\/\/www.vwafrica.fr\/index.php?rest_route=\/wp\/v2\/pages\/7619"}],"collection":[{"href":"https:\/\/www.vwafrica.fr\/index.php?rest_route=\/wp\/v2\/pages"}],"about":[{"href":"https:\/\/www.vwafrica.fr\/index.php?rest_route=\/wp\/v2\/types\/page"}],"author":[{"embeddable":true,"href":"https:\/\/www.vwafrica.fr\/index.php?rest_route=\/wp\/v2\/users\/1"}],"replies":[{"embeddable":true,"href":"https:\/\/www.vwafrica.fr\/index.php?rest_route=%2Fwp%2Fv2%2Fcomments&post=7619"}],"version-history":[{"count":2,"href":"https:\/\/www.vwafrica.fr\/index.php?rest_route=\/wp\/v2\/pages\/7619\/revisions"}],"predecessor-version":[{"id":7621,"href":"https:\/\/www.vwafrica.fr\/index.php?rest_route=\/wp\/v2\/pages\/7619\/revisions\/7621"}],"wp:attachment":[{"href":"https:\/\/www.vwafrica.fr\/index.php?rest_route=%2Fwp%2Fv2%2Fmedia&parent=7619"}],"curies":[{"name":"wp","href":"https:\/\/api.w.org\/{rel}","templated":true}]}}